{"id":670,"date":"2018-06-16T16:17:04","date_gmt":"2018-06-16T16:17:04","guid":{"rendered":"https:\/\/tradonline.es\/?page_id=670"},"modified":"2018-10-05T08:37:49","modified_gmt":"2018-10-05T08:37:49","slug":"about-us","status":"publish","type":"page","link":"https:\/\/tradonline.es\/en\/about-us\/","title":{"rendered":"About us"},"content":{"rendered":"","protected":false},"excerpt":{"rendered":"","protected":false},"author":1,"featured_media":0,"parent":0,"menu_order":0,"comment_status":"closed","ping_status":"closed","template":"","meta":{"_joinchat":[],"footnotes":""},"class_list":["post-670","page","type-page","status-publish","hentry"],"yoast_head":"<!-- This site is optimized with the Yoast SEO plugin v27.5 - https:\/\/yoast.com\/product\/yoast-seo-wordpress\/ -->\n<title>TradOnline, tu agencia de traducci\u00f3n profesional en Espa\u00f1a<\/title>\n<meta name=\"description\" content=\"TradOnline es una agencia de traducci\u00f3n profesional consolidada en el mercado de la traducci\u00f3n y la interpretaci\u00f3n en Espa\u00f1a.\" \/>\n<meta name=\"robots\" content=\"index, follow, max-snippet:-1, max-image-preview:large, max-video-preview:-1\" \/>\n<link rel=\"canonical\" href=\"https:\/\/tradonline.es\/en\/about-us\/\" \/>\n<meta property=\"og:locale\" content=\"en_US\" \/>\n<meta property=\"og:type\" content=\"article\" \/>\n<meta property=\"og:title\" content=\"TradOnline, tu agencia de traducci\u00f3n profesional en Espa\u00f1a\" \/>\n<meta property=\"og:description\" content=\"TradOnline es una agencia de traducci\u00f3n profesional consolidada en el mercado de la traducci\u00f3n y la interpretaci\u00f3n en Espa\u00f1a.\" \/>\n<meta property=\"og:url\" content=\"https:\/\/tradonline.es\/en\/about-us\/\" \/>\n<meta property=\"og:site_name\" content=\"Tradonline\" \/>\n<meta property=\"article:modified_time\" content=\"2018-10-05T08:37:49+00:00\" \/>\n<meta name=\"twitter:card\" content=\"summary_large_image\" \/>\n<script type=\"application\/ld+json\" class=\"yoast-schema-graph\">{\"@context\":\"https:\\\/\\\/schema.org\",\"@graph\":[{\"@type\":\"WebPage\",\"@id\":\"https:\\\/\\\/tradonline.es\\\/en\\\/about-us\\\/\",\"url\":\"https:\\\/\\\/tradonline.es\\\/en\\\/about-us\\\/\",\"name\":\"TradOnline, tu agencia de traducci\u00f3n profesional en Espa\u00f1a\",\"isPartOf\":{\"@id\":\"https:\\\/\\\/tradonline.es\\\/#website\"},\"datePublished\":\"2018-06-16T16:17:04+00:00\",\"dateModified\":\"2018-10-05T08:37:49+00:00\",\"description\":\"TradOnline es una agencia de traducci\u00f3n profesional consolidada en el mercado de la traducci\u00f3n y la interpretaci\u00f3n en Espa\u00f1a.\",\"breadcrumb\":{\"@id\":\"https:\\\/\\\/tradonline.es\\\/en\\\/about-us\\\/#breadcrumb\"},\"inLanguage\":\"en-US\",\"potentialAction\":[{\"@type\":\"ReadAction\",\"target\":[\"https:\\\/\\\/tradonline.es\\\/en\\\/about-us\\\/\"]}]},{\"@type\":\"BreadcrumbList\",\"@id\":\"https:\\\/\\\/tradonline.es\\\/en\\\/about-us\\\/#breadcrumb\",\"itemListElement\":[{\"@type\":\"ListItem\",\"position\":1,\"name\":\"Portada\",\"item\":\"https:\\\/\\\/tradonline.es\\\/en\\\/\"},{\"@type\":\"ListItem\",\"position\":2,\"name\":\"About us\"}]},{\"@type\":\"WebSite\",\"@id\":\"https:\\\/\\\/tradonline.es\\\/#website\",\"url\":\"https:\\\/\\\/tradonline.es\\\/\",\"name\":\"Tradonline\",\"description\":\"Translation Agency\",\"potentialAction\":[{\"@type\":\"SearchAction\",\"target\":{\"@type\":\"EntryPoint\",\"urlTemplate\":\"https:\\\/\\\/tradonline.es\\\/?s={search_term_string}\"},\"query-input\":{\"@type\":\"PropertyValueSpecification\",\"valueRequired\":true,\"valueName\":\"search_term_string\"}}],\"inLanguage\":\"en-US\"}]}<\/script>\n<!-- \/ Yoast SEO plugin. -->","yoast_head_json":{"title":"TradOnline, tu agencia de traducci\u00f3n profesional en Espa\u00f1a","description":"TradOnline es una agencia de traducci\u00f3n profesional consolidada en el mercado de la traducci\u00f3n y la interpretaci\u00f3n en Espa\u00f1a.","robots":{"index":"index","follow":"follow","max-snippet":"max-snippet:-1","max-image-preview":"max-image-preview:large","max-video-preview":"max-video-preview:-1"},"canonical":"https:\/\/tradonline.es\/en\/about-us\/","og_locale":"en_US","og_type":"article","og_title":"TradOnline, tu agencia de traducci\u00f3n profesional en Espa\u00f1a","og_description":"TradOnline es una agencia de traducci\u00f3n profesional consolidada en el mercado de la traducci\u00f3n y la interpretaci\u00f3n en Espa\u00f1a.","og_url":"https:\/\/tradonline.es\/en\/about-us\/","og_site_name":"Tradonline","article_modified_time":"2018-10-05T08:37:49+00:00","twitter_card":"summary_large_image","schema":{"@context":"https:\/\/schema.org","@graph":[{"@type":"WebPage","@id":"https:\/\/tradonline.es\/en\/about-us\/","url":"https:\/\/tradonline.es\/en\/about-us\/","name":"TradOnline, tu agencia de traducci\u00f3n profesional en Espa\u00f1a","isPartOf":{"@id":"https:\/\/tradonline.es\/#website"},"datePublished":"2018-06-16T16:17:04+00:00","dateModified":"2018-10-05T08:37:49+00:00","description":"TradOnline es una agencia de traducci\u00f3n profesional consolidada en el mercado de la traducci\u00f3n y la interpretaci\u00f3n en Espa\u00f1a.","breadcrumb":{"@id":"https:\/\/tradonline.es\/en\/about-us\/#breadcrumb"},"inLanguage":"en-US","potentialAction":[{"@type":"ReadAction","target":["https:\/\/tradonline.es\/en\/about-us\/"]}]},{"@type":"BreadcrumbList","@id":"https:\/\/tradonline.es\/en\/about-us\/#breadcrumb","itemListElement":[{"@type":"ListItem","position":1,"name":"Portada","item":"https:\/\/tradonline.es\/en\/"},{"@type":"ListItem","position":2,"name":"About us"}]},{"@type":"WebSite","@id":"https:\/\/tradonline.es\/#website","url":"https:\/\/tradonline.es\/","name":"Tradonline","description":"Translation Agency","potentialAction":[{"@type":"SearchAction","target":{"@type":"EntryPoint","urlTemplate":"https:\/\/tradonline.es\/?s={search_term_string}"},"query-input":{"@type":"PropertyValueSpecification","valueRequired":true,"valueName":"search_term_string"}}],"inLanguage":"en-US"}]}},"_links":{"self":[{"href":"https:\/\/tradonline.es\/en\/wp-json\/wp\/v2\/pages\/670","targetHints":{"allow":["GET"]}}],"collection":[{"href":"https:\/\/tradonline.es\/en\/wp-json\/wp\/v2\/pages"}],"about":[{"href":"https:\/\/tradonline.es\/en\/wp-json\/wp\/v2\/types\/page"}],"author":[{"embeddable":true,"href":"https:\/\/tradonline.es\/en\/wp-json\/wp\/v2\/users\/1"}],"replies":[{"embeddable":true,"href":"https:\/\/tradonline.es\/en\/wp-json\/wp\/v2\/comments?post=670"}],"version-history":[{"count":2,"href":"https:\/\/tradonline.es\/en\/wp-json\/wp\/v2\/pages\/670\/revisions"}],"predecessor-version":[{"id":1484,"href":"https:\/\/tradonline.es\/en\/wp-json\/wp\/v2\/pages\/670\/revisions\/1484"}],"wp:attachment":[{"href":"https:\/\/tradonline.es\/en\/wp-json\/wp\/v2\/media?parent=670"}],"curies":[{"name":"wp","href":"https:\/\/api.w.org\/{rel}","templated":true}]}}