{"id":678,"date":"2018-06-16T16:20:46","date_gmt":"2018-06-16T16:20:46","guid":{"rendered":"https:\/\/tradonline.es\/?page_id=678"},"modified":"2018-06-16T16:20:46","modified_gmt":"2018-06-16T16:20:46","slug":"our-philosophy","status":"publish","type":"page","link":"https:\/\/tradonline.es\/en\/about-us\/our-philosophy\/","title":{"rendered":"Our philosophy"},"content":{"rendered":"<h4><\/h4>\n<p>&nbsp;<\/p>\n<h4 style=\"text-align: justify;\"><span style=\"color: #0e5f95;\">TradOnline philosophy<\/span><\/h4>\n<p style=\"text-align: justify;\">Since our start in 2008 our ambition has been simple, to offer <strong>top quality translation<\/strong> that fits with the time and budget constraints of our clients. Translation is not a science, and although they may try, a machine is a poor substitute for a real translator. For this reason, human interaction is at the centre of our business. We strive to see the bigger picture and fully satisfy the linguistic needs of every client, sharing with them our expertise and knowledge to <strong>enhance the final product<\/strong>.<\/p>\n<p style=\"text-align: justify; \">A successful project is one which satisfies both the clients and the translators, and it is the enthusiasm and dynamism of our <strong>motivated team of project managers<\/strong> that are responsible day in day out for ensuring such <strong>success and satisfaction<\/strong>. All this being said, TradOnline would not be TradOnline without our diverse network of translators who contribute to every project we do.<\/p>\n<p>&nbsp;<\/p>\n<h4 style=\"text-align: justify;\"><span style=\"color: #0e5f95;\">How do we select these translators?<\/span><\/h4>\n<p style=\"text-align: justify;\">For years, we have worked with translators that we trust, people in which we believe and whom we value for the quality and expertise of their work. Given that we are growing rapidly we often contract new translators, but they face a tough <strong>selection process<\/strong>, to ensure we maintain our <strong>high standards<\/strong>. We review their experience on paper, and after selecting those with <strong>the most relevant experience<\/strong>, all our translators undergo a translation test. This test ensures that the <strong>quality of our translation service<\/strong> is never compromised. We rely on our team every day and are proud to say that <strong>we work with the best<\/strong>.<\/p>\n<p>&nbsp;<\/p>\n<p>&nbsp;<\/p>\n<p>&nbsp;<\/p>\n","protected":false},"excerpt":{"rendered":"<p>&nbsp; TradOnline philosophy Since our start in 2008 our ambition has been simple, to offer top quality translation that fits with the time and budget constraints<span class=\"excerpt-hellip\"> [\u2026]<\/span><\/p>\n","protected":false},"author":1,"featured_media":0,"parent":670,"menu_order":0,"comment_status":"closed","ping_status":"closed","template":"","meta":{"_joinchat":[],"footnotes":""},"class_list":["post-678","page","type-page","status-publish","hentry"],"yoast_head":"<!-- This site is optimized with the Yoast SEO plugin v27.4 - https:\/\/yoast.com\/product\/yoast-seo-wordpress\/ -->\n<title>Filosof\u00eda de TradOnline empresa de traducci\u00f3n e interpretaci\u00f3n<\/title>\n<meta name=\"description\" content=\"En TradOnline no nos limitamos a prestar un servicio, queremos identificar y comprender las necesidades ling\u00fc\u00edsticas de tu empresa.\" \/>\n<meta name=\"robots\" content=\"index, follow, max-snippet:-1, max-image-preview:large, max-video-preview:-1\" \/>\n<link rel=\"canonical\" href=\"https:\/\/tradonline.es\/en\/about-us\/our-philosophy\/\" \/>\n<meta property=\"og:locale\" content=\"en_US\" \/>\n<meta property=\"og:type\" content=\"article\" \/>\n<meta property=\"og:title\" content=\"Filosof\u00eda de TradOnline empresa de traducci\u00f3n e interpretaci\u00f3n\" \/>\n<meta property=\"og:description\" content=\"En TradOnline no nos limitamos a prestar un servicio, queremos identificar y comprender las necesidades ling\u00fc\u00edsticas de tu empresa.\" \/>\n<meta property=\"og:url\" content=\"https:\/\/tradonline.es\/en\/about-us\/our-philosophy\/\" \/>\n<meta property=\"og:site_name\" content=\"Tradonline\" \/>\n<meta name=\"twitter:card\" content=\"summary_large_image\" \/>\n<meta name=\"twitter:label1\" content=\"Est. reading time\" \/>\n\t<meta name=\"twitter:data1\" content=\"1 minute\" \/>\n<script type=\"application\/ld+json\" class=\"yoast-schema-graph\">{\"@context\":\"https:\\\/\\\/schema.org\",\"@graph\":[{\"@type\":\"WebPage\",\"@id\":\"https:\\\/\\\/tradonline.es\\\/en\\\/about-us\\\/our-philosophy\\\/\",\"url\":\"https:\\\/\\\/tradonline.es\\\/en\\\/about-us\\\/our-philosophy\\\/\",\"name\":\"Filosof\u00eda de TradOnline empresa de traducci\u00f3n e interpretaci\u00f3n\",\"isPartOf\":{\"@id\":\"https:\\\/\\\/tradonline.es\\\/#website\"},\"datePublished\":\"2018-06-16T16:20:46+00:00\",\"description\":\"En TradOnline no nos limitamos a prestar un servicio, queremos identificar y comprender las necesidades ling\u00fc\u00edsticas de tu empresa.\",\"breadcrumb\":{\"@id\":\"https:\\\/\\\/tradonline.es\\\/en\\\/about-us\\\/our-philosophy\\\/#breadcrumb\"},\"inLanguage\":\"en-US\",\"potentialAction\":[{\"@type\":\"ReadAction\",\"target\":[\"https:\\\/\\\/tradonline.es\\\/en\\\/about-us\\\/our-philosophy\\\/\"]}]},{\"@type\":\"BreadcrumbList\",\"@id\":\"https:\\\/\\\/tradonline.es\\\/en\\\/about-us\\\/our-philosophy\\\/#breadcrumb\",\"itemListElement\":[{\"@type\":\"ListItem\",\"position\":1,\"name\":\"Portada\",\"item\":\"https:\\\/\\\/tradonline.es\\\/en\\\/\"},{\"@type\":\"ListItem\",\"position\":2,\"name\":\"About us\",\"item\":\"https:\\\/\\\/tradonline.es\\\/en\\\/about-us\\\/\"},{\"@type\":\"ListItem\",\"position\":3,\"name\":\"Our philosophy\"}]},{\"@type\":\"WebSite\",\"@id\":\"https:\\\/\\\/tradonline.es\\\/#website\",\"url\":\"https:\\\/\\\/tradonline.es\\\/\",\"name\":\"Tradonline\",\"description\":\"Translation Agency\",\"potentialAction\":[{\"@type\":\"SearchAction\",\"target\":{\"@type\":\"EntryPoint\",\"urlTemplate\":\"https:\\\/\\\/tradonline.es\\\/?s={search_term_string}\"},\"query-input\":{\"@type\":\"PropertyValueSpecification\",\"valueRequired\":true,\"valueName\":\"search_term_string\"}}],\"inLanguage\":\"en-US\"}]}<\/script>\n<!-- \/ Yoast SEO plugin. -->","yoast_head_json":{"title":"Filosof\u00eda de TradOnline empresa de traducci\u00f3n e interpretaci\u00f3n","description":"En TradOnline no nos limitamos a prestar un servicio, queremos identificar y comprender las necesidades ling\u00fc\u00edsticas de tu empresa.","robots":{"index":"index","follow":"follow","max-snippet":"max-snippet:-1","max-image-preview":"max-image-preview:large","max-video-preview":"max-video-preview:-1"},"canonical":"https:\/\/tradonline.es\/en\/about-us\/our-philosophy\/","og_locale":"en_US","og_type":"article","og_title":"Filosof\u00eda de TradOnline empresa de traducci\u00f3n e interpretaci\u00f3n","og_description":"En TradOnline no nos limitamos a prestar un servicio, queremos identificar y comprender las necesidades ling\u00fc\u00edsticas de tu empresa.","og_url":"https:\/\/tradonline.es\/en\/about-us\/our-philosophy\/","og_site_name":"Tradonline","twitter_card":"summary_large_image","twitter_misc":{"Est. reading time":"1 minute"},"schema":{"@context":"https:\/\/schema.org","@graph":[{"@type":"WebPage","@id":"https:\/\/tradonline.es\/en\/about-us\/our-philosophy\/","url":"https:\/\/tradonline.es\/en\/about-us\/our-philosophy\/","name":"Filosof\u00eda de TradOnline empresa de traducci\u00f3n e interpretaci\u00f3n","isPartOf":{"@id":"https:\/\/tradonline.es\/#website"},"datePublished":"2018-06-16T16:20:46+00:00","description":"En TradOnline no nos limitamos a prestar un servicio, queremos identificar y comprender las necesidades ling\u00fc\u00edsticas de tu empresa.","breadcrumb":{"@id":"https:\/\/tradonline.es\/en\/about-us\/our-philosophy\/#breadcrumb"},"inLanguage":"en-US","potentialAction":[{"@type":"ReadAction","target":["https:\/\/tradonline.es\/en\/about-us\/our-philosophy\/"]}]},{"@type":"BreadcrumbList","@id":"https:\/\/tradonline.es\/en\/about-us\/our-philosophy\/#breadcrumb","itemListElement":[{"@type":"ListItem","position":1,"name":"Portada","item":"https:\/\/tradonline.es\/en\/"},{"@type":"ListItem","position":2,"name":"About us","item":"https:\/\/tradonline.es\/en\/about-us\/"},{"@type":"ListItem","position":3,"name":"Our philosophy"}]},{"@type":"WebSite","@id":"https:\/\/tradonline.es\/#website","url":"https:\/\/tradonline.es\/","name":"Tradonline","description":"Translation Agency","potentialAction":[{"@type":"SearchAction","target":{"@type":"EntryPoint","urlTemplate":"https:\/\/tradonline.es\/?s={search_term_string}"},"query-input":{"@type":"PropertyValueSpecification","valueRequired":true,"valueName":"search_term_string"}}],"inLanguage":"en-US"}]}},"_links":{"self":[{"href":"https:\/\/tradonline.es\/en\/wp-json\/wp\/v2\/pages\/678","targetHints":{"allow":["GET"]}}],"collection":[{"href":"https:\/\/tradonline.es\/en\/wp-json\/wp\/v2\/pages"}],"about":[{"href":"https:\/\/tradonline.es\/en\/wp-json\/wp\/v2\/types\/page"}],"author":[{"embeddable":true,"href":"https:\/\/tradonline.es\/en\/wp-json\/wp\/v2\/users\/1"}],"replies":[{"embeddable":true,"href":"https:\/\/tradonline.es\/en\/wp-json\/wp\/v2\/comments?post=678"}],"version-history":[{"count":0,"href":"https:\/\/tradonline.es\/en\/wp-json\/wp\/v2\/pages\/678\/revisions"}],"up":[{"embeddable":true,"href":"https:\/\/tradonline.es\/en\/wp-json\/wp\/v2\/pages\/670"}],"wp:attachment":[{"href":"https:\/\/tradonline.es\/en\/wp-json\/wp\/v2\/media?parent=678"}],"curies":[{"name":"wp","href":"https:\/\/api.w.org\/{rel}","templated":true}]}}