{"id":730,"date":"2018-06-16T17:01:53","date_gmt":"2018-06-16T17:01:53","guid":{"rendered":"https:\/\/tradonline.es\/?page_id=730"},"modified":"2018-10-09T15:00:12","modified_gmt":"2018-10-09T15:00:12","slug":"e-commerce-site-translation","status":"publish","type":"page","link":"https:\/\/tradonline.es\/en\/services\/e-commerce-site-translation\/","title":{"rendered":"E-commerce site translation"},"content":{"rendered":"","protected":false},"excerpt":{"rendered":"","protected":false},"author":1,"featured_media":0,"parent":689,"menu_order":0,"comment_status":"closed","ping_status":"closed","template":"","meta":{"_joinchat":[],"footnotes":""},"class_list":["post-730","page","type-page","status-publish","hentry"],"yoast_head":"<!-- This site is optimized with the Yoast SEO plugin v27.4 - https:\/\/yoast.com\/product\/yoast-seo-wordpress\/ -->\n<title>Traducci\u00f3n de tiendas online &amp; E-commerce - Agencia de traducci\u00f3n profesional<\/title>\n<meta name=\"description\" content=\"Agencia de traducci\u00f3n de tiendas online.La traducci\u00f3n de una p\u00e1gina web comercial presenta caracter\u00edsticas muy espec\u00edficas.\u00a1Pide informaci\u00f3n sin compromiso!\" \/>\n<meta name=\"robots\" content=\"index, follow, max-snippet:-1, max-image-preview:large, max-video-preview:-1\" \/>\n<link rel=\"canonical\" href=\"https:\/\/tradonline.es\/en\/services\/e-commerce-site-translation\/\" \/>\n<meta property=\"og:locale\" content=\"en_US\" \/>\n<meta property=\"og:type\" content=\"article\" \/>\n<meta property=\"og:title\" content=\"Traducci\u00f3n de tiendas online &amp; E-commerce - Agencia de traducci\u00f3n profesional\" \/>\n<meta property=\"og:description\" content=\"Agencia de traducci\u00f3n de tiendas online.La traducci\u00f3n de una p\u00e1gina web comercial presenta caracter\u00edsticas muy espec\u00edficas.\u00a1Pide informaci\u00f3n sin compromiso!\" \/>\n<meta property=\"og:url\" content=\"https:\/\/tradonline.es\/en\/services\/e-commerce-site-translation\/\" \/>\n<meta property=\"og:site_name\" content=\"Tradonline\" \/>\n<meta property=\"article:modified_time\" content=\"2018-10-09T15:00:12+00:00\" \/>\n<meta name=\"twitter:card\" content=\"summary_large_image\" \/>\n<script type=\"application\/ld+json\" class=\"yoast-schema-graph\">{\"@context\":\"https:\\\/\\\/schema.org\",\"@graph\":[{\"@type\":\"WebPage\",\"@id\":\"https:\\\/\\\/tradonline.es\\\/en\\\/services\\\/e-commerce-site-translation\\\/\",\"url\":\"https:\\\/\\\/tradonline.es\\\/en\\\/services\\\/e-commerce-site-translation\\\/\",\"name\":\"Traducci\u00f3n de tiendas online & E-commerce - Agencia de traducci\u00f3n profesional\",\"isPartOf\":{\"@id\":\"https:\\\/\\\/tradonline.es\\\/#website\"},\"datePublished\":\"2018-06-16T17:01:53+00:00\",\"dateModified\":\"2018-10-09T15:00:12+00:00\",\"description\":\"Agencia de traducci\u00f3n de tiendas online.La traducci\u00f3n de una p\u00e1gina web comercial presenta caracter\u00edsticas muy espec\u00edficas.\u00a1Pide informaci\u00f3n sin compromiso!\",\"breadcrumb\":{\"@id\":\"https:\\\/\\\/tradonline.es\\\/en\\\/services\\\/e-commerce-site-translation\\\/#breadcrumb\"},\"inLanguage\":\"en-US\",\"potentialAction\":[{\"@type\":\"ReadAction\",\"target\":[\"https:\\\/\\\/tradonline.es\\\/en\\\/services\\\/e-commerce-site-translation\\\/\"]}]},{\"@type\":\"BreadcrumbList\",\"@id\":\"https:\\\/\\\/tradonline.es\\\/en\\\/services\\\/e-commerce-site-translation\\\/#breadcrumb\",\"itemListElement\":[{\"@type\":\"ListItem\",\"position\":1,\"name\":\"Portada\",\"item\":\"https:\\\/\\\/tradonline.es\\\/en\\\/\"},{\"@type\":\"ListItem\",\"position\":2,\"name\":\"Services\",\"item\":\"https:\\\/\\\/tradonline.es\\\/en\\\/services\\\/\"},{\"@type\":\"ListItem\",\"position\":3,\"name\":\"E-commerce site translation\"}]},{\"@type\":\"WebSite\",\"@id\":\"https:\\\/\\\/tradonline.es\\\/#website\",\"url\":\"https:\\\/\\\/tradonline.es\\\/\",\"name\":\"Tradonline\",\"description\":\"Translation Agency\",\"potentialAction\":[{\"@type\":\"SearchAction\",\"target\":{\"@type\":\"EntryPoint\",\"urlTemplate\":\"https:\\\/\\\/tradonline.es\\\/?s={search_term_string}\"},\"query-input\":{\"@type\":\"PropertyValueSpecification\",\"valueRequired\":true,\"valueName\":\"search_term_string\"}}],\"inLanguage\":\"en-US\"}]}<\/script>\n<!-- \/ Yoast SEO plugin. -->","yoast_head_json":{"title":"Traducci\u00f3n de tiendas online & E-commerce - Agencia de traducci\u00f3n profesional","description":"Agencia de traducci\u00f3n de tiendas online.La traducci\u00f3n de una p\u00e1gina web comercial presenta caracter\u00edsticas muy espec\u00edficas.\u00a1Pide informaci\u00f3n sin compromiso!","robots":{"index":"index","follow":"follow","max-snippet":"max-snippet:-1","max-image-preview":"max-image-preview:large","max-video-preview":"max-video-preview:-1"},"canonical":"https:\/\/tradonline.es\/en\/services\/e-commerce-site-translation\/","og_locale":"en_US","og_type":"article","og_title":"Traducci\u00f3n de tiendas online & E-commerce - Agencia de traducci\u00f3n profesional","og_description":"Agencia de traducci\u00f3n de tiendas online.La traducci\u00f3n de una p\u00e1gina web comercial presenta caracter\u00edsticas muy espec\u00edficas.\u00a1Pide informaci\u00f3n sin compromiso!","og_url":"https:\/\/tradonline.es\/en\/services\/e-commerce-site-translation\/","og_site_name":"Tradonline","article_modified_time":"2018-10-09T15:00:12+00:00","twitter_card":"summary_large_image","schema":{"@context":"https:\/\/schema.org","@graph":[{"@type":"WebPage","@id":"https:\/\/tradonline.es\/en\/services\/e-commerce-site-translation\/","url":"https:\/\/tradonline.es\/en\/services\/e-commerce-site-translation\/","name":"Traducci\u00f3n de tiendas online & E-commerce - Agencia de traducci\u00f3n profesional","isPartOf":{"@id":"https:\/\/tradonline.es\/#website"},"datePublished":"2018-06-16T17:01:53+00:00","dateModified":"2018-10-09T15:00:12+00:00","description":"Agencia de traducci\u00f3n de tiendas online.La traducci\u00f3n de una p\u00e1gina web comercial presenta caracter\u00edsticas muy espec\u00edficas.\u00a1Pide informaci\u00f3n sin compromiso!","breadcrumb":{"@id":"https:\/\/tradonline.es\/en\/services\/e-commerce-site-translation\/#breadcrumb"},"inLanguage":"en-US","potentialAction":[{"@type":"ReadAction","target":["https:\/\/tradonline.es\/en\/services\/e-commerce-site-translation\/"]}]},{"@type":"BreadcrumbList","@id":"https:\/\/tradonline.es\/en\/services\/e-commerce-site-translation\/#breadcrumb","itemListElement":[{"@type":"ListItem","position":1,"name":"Portada","item":"https:\/\/tradonline.es\/en\/"},{"@type":"ListItem","position":2,"name":"Services","item":"https:\/\/tradonline.es\/en\/services\/"},{"@type":"ListItem","position":3,"name":"E-commerce site translation"}]},{"@type":"WebSite","@id":"https:\/\/tradonline.es\/#website","url":"https:\/\/tradonline.es\/","name":"Tradonline","description":"Translation Agency","potentialAction":[{"@type":"SearchAction","target":{"@type":"EntryPoint","urlTemplate":"https:\/\/tradonline.es\/?s={search_term_string}"},"query-input":{"@type":"PropertyValueSpecification","valueRequired":true,"valueName":"search_term_string"}}],"inLanguage":"en-US"}]}},"_links":{"self":[{"href":"https:\/\/tradonline.es\/en\/wp-json\/wp\/v2\/pages\/730","targetHints":{"allow":["GET"]}}],"collection":[{"href":"https:\/\/tradonline.es\/en\/wp-json\/wp\/v2\/pages"}],"about":[{"href":"https:\/\/tradonline.es\/en\/wp-json\/wp\/v2\/types\/page"}],"author":[{"embeddable":true,"href":"https:\/\/tradonline.es\/en\/wp-json\/wp\/v2\/users\/1"}],"replies":[{"embeddable":true,"href":"https:\/\/tradonline.es\/en\/wp-json\/wp\/v2\/comments?post=730"}],"version-history":[{"count":1,"href":"https:\/\/tradonline.es\/en\/wp-json\/wp\/v2\/pages\/730\/revisions"}],"predecessor-version":[{"id":1570,"href":"https:\/\/tradonline.es\/en\/wp-json\/wp\/v2\/pages\/730\/revisions\/1570"}],"up":[{"embeddable":true,"href":"https:\/\/tradonline.es\/en\/wp-json\/wp\/v2\/pages\/689"}],"wp:attachment":[{"href":"https:\/\/tradonline.es\/en\/wp-json\/wp\/v2\/media?parent=730"}],"curies":[{"name":"wp","href":"https:\/\/api.w.org\/{rel}","templated":true}]}}