{"id":733,"date":"2018-06-16T17:03:54","date_gmt":"2018-06-16T17:03:54","guid":{"rendered":"https:\/\/tradonline.es\/?page_id=733"},"modified":"2018-10-09T15:05:06","modified_gmt":"2018-10-09T15:05:06","slug":"mobile-app-translation","status":"publish","type":"page","link":"https:\/\/tradonline.es\/en\/services\/mobile-app-translation\/","title":{"rendered":"Mobile App Translation"},"content":{"rendered":"","protected":false},"excerpt":{"rendered":"","protected":false},"author":1,"featured_media":0,"parent":689,"menu_order":0,"comment_status":"closed","ping_status":"closed","template":"","meta":{"_joinchat":[],"footnotes":""},"class_list":["post-733","page","type-page","status-publish","hentry"],"yoast_head":"<!-- This site is optimized with the Yoast SEO plugin v27.6 - https:\/\/yoast.com\/product\/yoast-seo-wordpress\/ -->\n<title>Traducci\u00f3n de aplicaciones m\u00f3viles - Servicios de traducci\u00f3n e intepretaci\u00f3n<\/title>\n<meta name=\"description\" content=\"Si tu empresa ha optado por crear una app m\u00f3vil, piensa r\u00e1pidamente en traducirla a varios idiomas. Gestionamos la traducci\u00f3n de aplicaciones m\u00f3viles.\" \/>\n<meta name=\"robots\" content=\"index, follow, max-snippet:-1, max-image-preview:large, max-video-preview:-1\" \/>\n<link rel=\"canonical\" href=\"https:\/\/tradonline.es\/en\/services\/mobile-app-translation\/\" \/>\n<meta property=\"og:locale\" content=\"en_US\" \/>\n<meta property=\"og:type\" content=\"article\" \/>\n<meta property=\"og:title\" content=\"Traducci\u00f3n de aplicaciones m\u00f3viles - Servicios de traducci\u00f3n e intepretaci\u00f3n\" \/>\n<meta property=\"og:description\" content=\"Si tu empresa ha optado por crear una app m\u00f3vil, piensa r\u00e1pidamente en traducirla a varios idiomas. Gestionamos la traducci\u00f3n de aplicaciones m\u00f3viles.\" \/>\n<meta property=\"og:url\" content=\"https:\/\/tradonline.es\/en\/services\/mobile-app-translation\/\" \/>\n<meta property=\"og:site_name\" content=\"Tradonline\" \/>\n<meta property=\"article:modified_time\" content=\"2018-10-09T15:05:06+00:00\" \/>\n<meta name=\"twitter:card\" content=\"summary_large_image\" \/>\n<script type=\"application\/ld+json\" class=\"yoast-schema-graph\">{\"@context\":\"https:\\\/\\\/schema.org\",\"@graph\":[{\"@type\":\"WebPage\",\"@id\":\"https:\\\/\\\/tradonline.es\\\/en\\\/services\\\/mobile-app-translation\\\/\",\"url\":\"https:\\\/\\\/tradonline.es\\\/en\\\/services\\\/mobile-app-translation\\\/\",\"name\":\"Traducci\u00f3n de aplicaciones m\u00f3viles - Servicios de traducci\u00f3n e intepretaci\u00f3n\",\"isPartOf\":{\"@id\":\"https:\\\/\\\/tradonline.es\\\/#website\"},\"datePublished\":\"2018-06-16T17:03:54+00:00\",\"dateModified\":\"2018-10-09T15:05:06+00:00\",\"description\":\"Si tu empresa ha optado por crear una app m\u00f3vil, piensa r\u00e1pidamente en traducirla a varios idiomas. Gestionamos la traducci\u00f3n de aplicaciones m\u00f3viles.\",\"breadcrumb\":{\"@id\":\"https:\\\/\\\/tradonline.es\\\/en\\\/services\\\/mobile-app-translation\\\/#breadcrumb\"},\"inLanguage\":\"en-US\",\"potentialAction\":[{\"@type\":\"ReadAction\",\"target\":[\"https:\\\/\\\/tradonline.es\\\/en\\\/services\\\/mobile-app-translation\\\/\"]}]},{\"@type\":\"BreadcrumbList\",\"@id\":\"https:\\\/\\\/tradonline.es\\\/en\\\/services\\\/mobile-app-translation\\\/#breadcrumb\",\"itemListElement\":[{\"@type\":\"ListItem\",\"position\":1,\"name\":\"Portada\",\"item\":\"https:\\\/\\\/tradonline.es\\\/en\\\/\"},{\"@type\":\"ListItem\",\"position\":2,\"name\":\"Services\",\"item\":\"https:\\\/\\\/tradonline.es\\\/en\\\/services\\\/\"},{\"@type\":\"ListItem\",\"position\":3,\"name\":\"Mobile App Translation\"}]},{\"@type\":\"WebSite\",\"@id\":\"https:\\\/\\\/tradonline.es\\\/#website\",\"url\":\"https:\\\/\\\/tradonline.es\\\/\",\"name\":\"Tradonline\",\"description\":\"Translation Agency\",\"potentialAction\":[{\"@type\":\"SearchAction\",\"target\":{\"@type\":\"EntryPoint\",\"urlTemplate\":\"https:\\\/\\\/tradonline.es\\\/?s={search_term_string}\"},\"query-input\":{\"@type\":\"PropertyValueSpecification\",\"valueRequired\":true,\"valueName\":\"search_term_string\"}}],\"inLanguage\":\"en-US\"}]}<\/script>\n<!-- \/ Yoast SEO plugin. -->","yoast_head_json":{"title":"Traducci\u00f3n de aplicaciones m\u00f3viles - Servicios de traducci\u00f3n e intepretaci\u00f3n","description":"Si tu empresa ha optado por crear una app m\u00f3vil, piensa r\u00e1pidamente en traducirla a varios idiomas. Gestionamos la traducci\u00f3n de aplicaciones m\u00f3viles.","robots":{"index":"index","follow":"follow","max-snippet":"max-snippet:-1","max-image-preview":"max-image-preview:large","max-video-preview":"max-video-preview:-1"},"canonical":"https:\/\/tradonline.es\/en\/services\/mobile-app-translation\/","og_locale":"en_US","og_type":"article","og_title":"Traducci\u00f3n de aplicaciones m\u00f3viles - Servicios de traducci\u00f3n e intepretaci\u00f3n","og_description":"Si tu empresa ha optado por crear una app m\u00f3vil, piensa r\u00e1pidamente en traducirla a varios idiomas. Gestionamos la traducci\u00f3n de aplicaciones m\u00f3viles.","og_url":"https:\/\/tradonline.es\/en\/services\/mobile-app-translation\/","og_site_name":"Tradonline","article_modified_time":"2018-10-09T15:05:06+00:00","twitter_card":"summary_large_image","schema":{"@context":"https:\/\/schema.org","@graph":[{"@type":"WebPage","@id":"https:\/\/tradonline.es\/en\/services\/mobile-app-translation\/","url":"https:\/\/tradonline.es\/en\/services\/mobile-app-translation\/","name":"Traducci\u00f3n de aplicaciones m\u00f3viles - Servicios de traducci\u00f3n e intepretaci\u00f3n","isPartOf":{"@id":"https:\/\/tradonline.es\/#website"},"datePublished":"2018-06-16T17:03:54+00:00","dateModified":"2018-10-09T15:05:06+00:00","description":"Si tu empresa ha optado por crear una app m\u00f3vil, piensa r\u00e1pidamente en traducirla a varios idiomas. Gestionamos la traducci\u00f3n de aplicaciones m\u00f3viles.","breadcrumb":{"@id":"https:\/\/tradonline.es\/en\/services\/mobile-app-translation\/#breadcrumb"},"inLanguage":"en-US","potentialAction":[{"@type":"ReadAction","target":["https:\/\/tradonline.es\/en\/services\/mobile-app-translation\/"]}]},{"@type":"BreadcrumbList","@id":"https:\/\/tradonline.es\/en\/services\/mobile-app-translation\/#breadcrumb","itemListElement":[{"@type":"ListItem","position":1,"name":"Portada","item":"https:\/\/tradonline.es\/en\/"},{"@type":"ListItem","position":2,"name":"Services","item":"https:\/\/tradonline.es\/en\/services\/"},{"@type":"ListItem","position":3,"name":"Mobile App Translation"}]},{"@type":"WebSite","@id":"https:\/\/tradonline.es\/#website","url":"https:\/\/tradonline.es\/","name":"Tradonline","description":"Translation Agency","potentialAction":[{"@type":"SearchAction","target":{"@type":"EntryPoint","urlTemplate":"https:\/\/tradonline.es\/?s={search_term_string}"},"query-input":{"@type":"PropertyValueSpecification","valueRequired":true,"valueName":"search_term_string"}}],"inLanguage":"en-US"}]}},"_links":{"self":[{"href":"https:\/\/tradonline.es\/en\/wp-json\/wp\/v2\/pages\/733","targetHints":{"allow":["GET"]}}],"collection":[{"href":"https:\/\/tradonline.es\/en\/wp-json\/wp\/v2\/pages"}],"about":[{"href":"https:\/\/tradonline.es\/en\/wp-json\/wp\/v2\/types\/page"}],"author":[{"embeddable":true,"href":"https:\/\/tradonline.es\/en\/wp-json\/wp\/v2\/users\/1"}],"replies":[{"embeddable":true,"href":"https:\/\/tradonline.es\/en\/wp-json\/wp\/v2\/comments?post=733"}],"version-history":[{"count":2,"href":"https:\/\/tradonline.es\/en\/wp-json\/wp\/v2\/pages\/733\/revisions"}],"predecessor-version":[{"id":1682,"href":"https:\/\/tradonline.es\/en\/wp-json\/wp\/v2\/pages\/733\/revisions\/1682"}],"up":[{"embeddable":true,"href":"https:\/\/tradonline.es\/en\/wp-json\/wp\/v2\/pages\/689"}],"wp:attachment":[{"href":"https:\/\/tradonline.es\/en\/wp-json\/wp\/v2\/media?parent=733"}],"curies":[{"name":"wp","href":"https:\/\/api.w.org\/{rel}","templated":true}]}}